{"id":35,"date":"2025-06-30T22:44:41","date_gmt":"2025-06-30T20:44:41","guid":{"rendered":"https:\/\/www.lozarozrywkowa.pl\/?page_id=35"},"modified":"2025-06-30T22:44:41","modified_gmt":"2025-06-30T20:44:41","slug":"partnerzy","status":"publish","type":"page","link":"https:\/\/www.lozarozrywkowa.pl\/?page_id=35","title":{"rendered":"Partnerzy"},"content":{"rendered":"<h2>Nasze partnerskie strony<\/h2>\n<p>Zapraszamy do odwiedzenia naszych partnerskich serwis\u00f3w:<\/p>\n<ul>\n<li><a href=\"https:\/\/www.lozakulturalna.pl\" target=\"_blank\">Lo\u017ca Kulturalna<\/a> &#8211; Sztuka, literatura i wydarzenia kulturalne<\/li>\n<li><a href=\"https:\/\/www.lozaedukacyjna.pl\" target=\"_blank\">Lo\u017ca Edukacyjna<\/a> &#8211; Wiedza i rozw\u00f3j na wyci\u0105gni\u0119cie r\u0119ki<\/li>\n<li><a href=\"https:\/\/www.lozakulinarna.pl\" target=\"_blank\">Lo\u017ca Kulinarna<\/a> &#8211; Odkryj \u015bwiat smak\u00f3w i kulinarnych inspiracji<\/li>\n<li><a href=\"https:\/\/www.lozatechnologiczna.pl\" target=\"_blank\">Lo\u017ca Technologiczna<\/a> &#8211; Innowacje technologiczne i cyfrowy \u015bwiat<\/li>\n<li><a href=\"https:\/\/www.lozanaukowa.pl\" target=\"_blank\">Lo\u017ca Naukowa<\/a> &#8211; Odkrycia naukowe i technologie przysz\u0142o\u015bci<\/li>\n<li><a href=\"https:\/\/www.lozapodroznicza.pl\" target=\"_blank\">Lo\u017ca Podr\u00f3\u017cnicza<\/a> &#8211; Inspiracje podr\u00f3\u017cnicze z ca\u0142ego \u015bwiata<\/li>\n<li><a href=\"https:\/\/www.lozalifestylowa.pl\" target=\"_blank\">Lo\u017ca Lifestylowa<\/a> &#8211; Styl \u017cycia, moda i trendy<\/li>\n<li><a href=\"https:\/\/www.lozazdrowia.pl\" target=\"_blank\">Lo\u017ca Zdrowia<\/a> &#8211; Zdrowie, wellness i dobre samopoczucie<\/li>\n<li><a href=\"https:\/\/www.lozafinansowa.pl\" target=\"_blank\">Lo\u017ca Finansowa<\/a> &#8211; Finanse osobiste i inwestycje<\/li>\n<li><a href=\"https:\/\/www.air-drone.pl\" target=\"_blank\">Filmowanie dronem<\/a> &#8211; Profesjonalne us\u0142ugi filmowania z drona<\/li>\n<\/ul>\n","protected":false},"excerpt":{"rendered":"<p>Nasze partnerskie strony Zapraszamy do odwiedzenia naszych partnerskich serwis\u00f3w: Lo\u017ca Kulturalna &#8211; Sztuka, literatura i wydarzenia kulturalne Lo\u017ca Edukacyjna &#8211; [&hellip;]<\/p>\n","protected":false},"author":0,"featured_media":0,"parent":0,"menu_order":0,"comment_status":"closed","ping_status":"closed","template":"","meta":{"site-sidebar-layout":"default","site-content-layout":"","ast-site-content-layout":"default","site-content-style":"default","site-sidebar-style":"default","ast-global-header-display":"","ast-banner-title-visibility":"","ast-main-header-display":"","ast-hfb-above-header-display":"","ast-hfb-below-header-display":"","ast-hfb-mobile-header-display":"","site-post-title":"","ast-breadcrumbs-content":"","ast-featured-img":"","footer-sml-layout":"","theme-transparent-header-meta":"","adv-header-id-meta":"","stick-header-meta":"","header-above-stick-meta":"","header-main-stick-meta":"","header-below-stick-meta":"","astra-migrate-meta-layouts":"default","ast-page-background-enabled":"default","ast-page-background-meta":{"desktop":{"background-color":"var(--ast-global-color-5)","background-image":"","background-repeat":"repeat","background-position":"center center","background-size":"auto","background-attachment":"scroll","background-type":"","background-media":"","overlay-type":"","overlay-color":"","overlay-opacity":"","overlay-gradient":""},"tablet":{"background-color":"","background-image":"","background-repeat":"repeat","background-position":"center center","background-size":"auto","background-attachment":"scroll","background-type":"","background-media":"","overlay-type":"","overlay-color":"","overlay-opacity":"","overlay-gradient":""},"mobile":{"background-color":"","background-image":"","background-repeat":"repeat","background-position":"center center","background-size":"auto","background-attachment":"scroll","background-type":"","background-media":"","overlay-type":"","overlay-color":"","overlay-opacity":"","overlay-gradient":""}},"ast-content-background-meta":{"desktop":{"background-color":"var(--ast-global-color-4)","background-image":"","background-repeat":"repeat","background-position":"center center","background-size":"auto","background-attachment":"scroll","background-type":"","background-media":"","overlay-type":"","overlay-color":"","overlay-opacity":"","overlay-gradient":""},"tablet":{"background-color":"var(--ast-global-color-4)","background-image":"","background-repeat":"repeat","background-position":"center center","background-size":"auto","background-attachment":"scroll","background-type":"","background-media":"","overlay-type":"","overlay-color":"","overlay-opacity":"","overlay-gradient":""},"mobile":{"background-color":"var(--ast-global-color-4)","background-image":"","background-repeat":"repeat","background-position":"center center","background-size":"auto","background-attachment":"scroll","background-type":"","background-media":"","overlay-type":"","overlay-color":"","overlay-opacity":"","overlay-gradient":""}},"footnotes":""},"class_list":["post-35","page","type-page","status-publish","hentry"],"_links":{"self":[{"href":"https:\/\/www.lozarozrywkowa.pl\/index.php?rest_route=\/wp\/v2\/pages\/35","targetHints":{"allow":["GET"]}}],"collection":[{"href":"https:\/\/www.lozarozrywkowa.pl\/index.php?rest_route=\/wp\/v2\/pages"}],"about":[{"href":"https:\/\/www.lozarozrywkowa.pl\/index.php?rest_route=\/wp\/v2\/types\/page"}],"replies":[{"embeddable":true,"href":"https:\/\/www.lozarozrywkowa.pl\/index.php?rest_route=%2Fwp%2Fv2%2Fcomments&post=35"}],"version-history":[{"count":0,"href":"https:\/\/www.lozarozrywkowa.pl\/index.php?rest_route=\/wp\/v2\/pages\/35\/revisions"}],"wp:attachment":[{"href":"https:\/\/www.lozarozrywkowa.pl\/index.php?rest_route=%2Fwp%2Fv2%2Fmedia&parent=35"}],"curies":[{"name":"wp","href":"https:\/\/api.w.org\/{rel}","templated":true}]}}