{"id":19,"date":"2025-06-30T22:44:09","date_gmt":"2025-06-30T20:44:09","guid":{"rendered":"https:\/\/www.lozarozrywkowa.pl\/?page_id=19"},"modified":"2025-06-30T23:14:49","modified_gmt":"2025-06-30T21:14:49","slug":"home","status":"publish","type":"page","link":"https:\/\/www.lozarozrywkowa.pl\/","title":{"rendered":"Strona g\u0142\u00f3wna"},"content":{"rendered":"\n<div class=\"wp-block-group hero-section is-layout-flow wp-block-group-is-layout-flow\">\n\n<h1 class=\"hero-title has-text-align-center wp-block-heading\">Witamy w <span class=\"gradient-text\">Lo\u017ca Rozrywkowa<\/span><\/h1>\n\n\n\n<p class=\"has-text-align-center hero-subtitle\">Twoje centrum rozrywki i kultury popularnej<\/p>\n\n\n\n<div class=\"wp-block-buttons is-content-justification-center is-layout-flex wp-container-core-buttons-is-layout-a89b3969 wp-block-buttons-is-layout-flex\">\n\n<div class=\"wp-block-button\"><a class=\"wp-block-button__link\" href=\"#features\">Dowiedz si\u0119 wi\u0119cej<\/a><\/div>\n\n<\/div>\n\n<\/div>\n\n\n\n<div style=\"height:80px\" aria-hidden=\"true\" class=\"wp-block-spacer\"><\/div>\n\n\n\n<div id=\"features\" class=\"wp-block-group section-padding is-layout-flow wp-block-group-is-layout-flow\">\n\n<h2 class=\"has-text-align-center wp-block-heading\">Co nas wyr\u00f3\u017cnia?<\/h2>\n\n\n\n<div class=\"wp-block-columns is-layout-flex wp-container-core-columns-is-layout-28f84493 wp-block-columns-is-layout-flex\">\n\n<div class=\"wp-block-column is-layout-flow wp-block-column-is-layout-flow\">\n<div class=\"card\">\n<div class=\"feature-icon\">\ud83d\udcda<\/div>\n<h3 class=\"has-text-align-center\">Warto\u015bciowe tre\u015bci<\/h3>\n<p class=\"has-text-align-center\">Starannie wyselekcjonowane informacje.<\/p>\n<\/div>\n<\/div>\n\n\n\n<div class=\"wp-block-column is-layout-flow wp-block-column-is-layout-flow\">\n<div class=\"card\">\n<div class=\"feature-icon\">\ud83d\udca1<\/div>\n<h3 class=\"has-text-align-center\">Praktyczne porady<\/h3>\n<p class=\"has-text-align-center\">Konkretne wskaz\u00f3wki do zastosowania.<\/p>\n<\/div>\n<\/div>\n\n\n\n<div class=\"wp-block-column is-layout-flow wp-block-column-is-layout-flow\">\n<div class=\"card\">\n<div class=\"feature-icon\">\ud83c\udf1f<\/div>\n<h3 class=\"has-text-align-center\">\u015awie\u017ce spojrzenie<\/h3>\n<p class=\"has-text-align-center\">Innowacyjne podej\u015bcie do temat\u00f3w.<\/p>\n<\/div>\n<\/div>\n\n<\/div>\n\n<\/div>\n\n\n\n<div class=\"wp-block-group section-padding has-subtle-background-background-color has-background is-layout-flow wp-block-group-is-layout-flow\">\n\n<h2 class=\"has-text-align-center wp-block-heading\">Najnowsze wpisy<\/h2>\n\n\n<ul class=\"wp-block-latest-posts__list has-dates wp-block-latest-posts\"><li><a class=\"wp-block-latest-posts__post-title\" href=\"https:\/\/www.lozarozrywkowa.pl\/?p=42\">Co ogl\u0105da\u0107 na Netflix<\/a><time datetime=\"2025-06-30T23:15:01+02:00\" class=\"wp-block-latest-posts__post-date\">2025-06-30<\/time><div class=\"wp-block-latest-posts__post-excerpt\">Nowo\u015bci tego miesi\u0105ca<\/div><\/li>\n<li><a class=\"wp-block-latest-posts__post-title\" href=\"https:\/\/www.lozarozrywkowa.pl\/?p=41\">Gry planszowe dla rodziny<\/a><time datetime=\"2025-06-30T23:14:59+02:00\" class=\"wp-block-latest-posts__post-date\">2025-06-30<\/time><div class=\"wp-block-latest-posts__post-excerpt\">Najlepsze propozycje<\/div><\/li>\n<li><a class=\"wp-block-latest-posts__post-title\" href=\"https:\/\/www.lozarozrywkowa.pl\/?p=40\">Festiwale muzyczne w Polsce<\/a><time datetime=\"2025-06-30T23:14:58+02:00\" class=\"wp-block-latest-posts__post-date\">2025-06-30<\/time><div class=\"wp-block-latest-posts__post-excerpt\">Gdzie warto si\u0119 wybra\u0107<\/div><\/li>\n<\/ul>\n<\/div>\n","protected":false},"excerpt":{"rendered":"<p>Witamy w Lo\u017ca Rozrywkowa Twoje centrum rozrywki i kultury popularnej Co nas wyr\u00f3\u017cnia? \ud83d\udcda Warto\u015bciowe tre\u015bci Starannie wyselekcjonowane informacje. \ud83d\udca1 [&hellip;]<\/p>\n","protected":false},"author":0,"featured_media":0,"parent":0,"menu_order":0,"comment_status":"closed","ping_status":"closed","template":"","meta":{"site-sidebar-layout":"default","site-content-layout":"","ast-site-content-layout":"default","site-content-style":"default","site-sidebar-style":"default","ast-global-header-display":"","ast-banner-title-visibility":"","ast-main-header-display":"","ast-hfb-above-header-display":"","ast-hfb-below-header-display":"","ast-hfb-mobile-header-display":"","site-post-title":"","ast-breadcrumbs-content":"","ast-featured-img":"","footer-sml-layout":"","theme-transparent-header-meta":"","adv-header-id-meta":"","stick-header-meta":"","header-above-stick-meta":"","header-main-stick-meta":"","header-below-stick-meta":"","astra-migrate-meta-layouts":"default","ast-page-background-enabled":"default","ast-page-background-meta":{"desktop":{"background-color":"var(--ast-global-color-5)","background-image":"","background-repeat":"repeat","background-position":"center center","background-size":"auto","background-attachment":"scroll","background-type":"","background-media":"","overlay-type":"","overlay-color":"","overlay-opacity":"","overlay-gradient":""},"tablet":{"background-color":"","background-image":"","background-repeat":"repeat","background-position":"center center","background-size":"auto","background-attachment":"scroll","background-type":"","background-media":"","overlay-type":"","overlay-color":"","overlay-opacity":"","overlay-gradient":""},"mobile":{"background-color":"","background-image":"","background-repeat":"repeat","background-position":"center center","background-size":"auto","background-attachment":"scroll","background-type":"","background-media":"","overlay-type":"","overlay-color":"","overlay-opacity":"","overlay-gradient":""}},"ast-content-background-meta":{"desktop":{"background-color":"var(--ast-global-color-4)","background-image":"","background-repeat":"repeat","background-position":"center center","background-size":"auto","background-attachment":"scroll","background-type":"","background-media":"","overlay-type":"","overlay-color":"","overlay-opacity":"","overlay-gradient":""},"tablet":{"background-color":"var(--ast-global-color-4)","background-image":"","background-repeat":"repeat","background-position":"center center","background-size":"auto","background-attachment":"scroll","background-type":"","background-media":"","overlay-type":"","overlay-color":"","overlay-opacity":"","overlay-gradient":""},"mobile":{"background-color":"var(--ast-global-color-4)","background-image":"","background-repeat":"repeat","background-position":"center center","background-size":"auto","background-attachment":"scroll","background-type":"","background-media":"","overlay-type":"","overlay-color":"","overlay-opacity":"","overlay-gradient":""}},"footnotes":""},"class_list":["post-19","page","type-page","status-publish","hentry"],"_links":{"self":[{"href":"https:\/\/www.lozarozrywkowa.pl\/index.php?rest_route=\/wp\/v2\/pages\/19","targetHints":{"allow":["GET"]}}],"collection":[{"href":"https:\/\/www.lozarozrywkowa.pl\/index.php?rest_route=\/wp\/v2\/pages"}],"about":[{"href":"https:\/\/www.lozarozrywkowa.pl\/index.php?rest_route=\/wp\/v2\/types\/page"}],"replies":[{"embeddable":true,"href":"https:\/\/www.lozarozrywkowa.pl\/index.php?rest_route=%2Fwp%2Fv2%2Fcomments&post=19"}],"version-history":[{"count":1,"href":"https:\/\/www.lozarozrywkowa.pl\/index.php?rest_route=\/wp\/v2\/pages\/19\/revisions"}],"predecessor-version":[{"id":38,"href":"https:\/\/www.lozarozrywkowa.pl\/index.php?rest_route=\/wp\/v2\/pages\/19\/revisions\/38"}],"wp:attachment":[{"href":"https:\/\/www.lozarozrywkowa.pl\/index.php?rest_route=%2Fwp%2Fv2%2Fmedia&parent=19"}],"curies":[{"name":"wp","href":"https:\/\/api.w.org\/{rel}","templated":true}]}}